{"id":612,"date":"2023-07-10T00:53:52","date_gmt":"2023-07-10T00:53:52","guid":{"rendered":"https:\/\/moreearquitectos.com\/?page_id=612"},"modified":"2023-07-10T01:05:19","modified_gmt":"2023-07-10T01:05:19","slug":"bata-ballenita","status":"publish","type":"page","link":"https:\/\/moreearquitectos.com\/index.php\/bata-ballenita\/","title":{"rendered":"BATA &#8211; BALLENITA"},"content":{"rendered":"\t\t<div data-elementor-type=\"wp-page\" data-elementor-id=\"612\" class=\"elementor elementor-612\">\n\t\t\t\t\t\t<section class=\"elementor-section elementor-top-section elementor-element elementor-element-41eef3cf elementor-section-full_width elementor-reverse-mobile elementor-section-height-default elementor-section-height-default elementor-invisible\" data-id=\"41eef3cf\" data-element_type=\"section\" data-e-type=\"section\" data-settings=\"{&quot;animation&quot;:&quot;fadeIn&quot;}\">\n\t\t\t\t\t\t<div class=\"elementor-container elementor-column-gap-default\">\n\t\t\t\t\t<div class=\"elementor-column elementor-col-50 elementor-top-column elementor-element elementor-element-4bd36094\" data-id=\"4bd36094\" data-element_type=\"column\" data-e-type=\"column\">\n\t\t\t<div class=\"elementor-widget-wrap elementor-element-populated\">\n\t\t\t\t\t\t<div class=\"elementor-element elementor-element-19f03442 elementor-widget__width-auto de_scroll_animation_no elementor-invisible elementor-widget elementor-widget-heading\" data-id=\"19f03442\" data-element_type=\"widget\" data-e-type=\"widget\" data-settings=\"{&quot;_animation&quot;:&quot;fadeIn&quot;}\" data-widget_type=\"heading.default\">\n\t\t\t\t<div class=\"elementor-widget-container\">\n\t\t\t\t\t<h6 class=\"elementor-heading-title elementor-size-default\">ProYectO<\/h6>\t\t\t\t<\/div>\n\t\t\t\t<\/div>\n\t\t\t\t<div class=\"elementor-element elementor-element-2059703c de_scroll_animation_no elementor-invisible elementor-widget elementor-widget-qi_addons_for_elementor_animated_text\" data-id=\"2059703c\" data-element_type=\"widget\" data-e-type=\"widget\" data-settings=\"{&quot;_animation&quot;:&quot;fadeIn&quot;}\" data-widget_type=\"qi_addons_for_elementor_animated_text.default\">\n\t\t\t\t<div class=\"elementor-widget-container\">\n\t\t\t\t\t<div class=\"qodef-shortcode qodef-m qodef-qi-animated-text qodef--animated-by-word qodef--alignment-left qodef-qi--has-appear qodef--appear-from-right\" >\n\t\t<h2 class=\"qodef-m-title\">\n\t\t<span class=\"qodef-e-word\">BATA<\/span> <span class=\"qodef-e-word\">-<\/span> <span class=\"qodef-e-word\">BALLENITA<\/span>\t<\/h2>\n<\/div>\n\t\t\t\t<\/div>\n\t\t\t\t<\/div>\n\t\t\t\t<div class=\"elementor-element elementor-element-5bb29dc de_scroll_animation_no elementor-invisible elementor-widget elementor-widget-text-editor\" data-id=\"5bb29dc\" data-element_type=\"widget\" data-e-type=\"widget\" data-settings=\"{&quot;_animation&quot;:&quot;fadeIn&quot;}\" data-widget_type=\"text-editor.default\">\n\t\t\t\t<div class=\"elementor-widget-container\">\n\t\t\t\t\t\t\t\t\t<p>El dise\u00f1o vanguardista presenta l\u00edneas limpias y una distribuci\u00f3n inteligente del espacio, creando una experiencia de compra \u00fanica. Las amplias \u00e1reas de exhibici\u00f3n permiten mostrar\u00a0 el producto de manera organizada y atractiva.<\/p>\t\t\t\t\t\t\t\t<\/div>\n\t\t\t\t<\/div>\n\t\t\t\t<div class=\"elementor-element elementor-element-29d95403 elementor-widget__width-initial de_scroll_animation_no elementor-invisible elementor-widget elementor-widget-heading\" data-id=\"29d95403\" data-element_type=\"widget\" data-e-type=\"widget\" data-settings=\"{&quot;_animation&quot;:&quot;fadeIn&quot;}\" data-widget_type=\"heading.default\">\n\t\t\t\t<div class=\"elementor-widget-container\">\n\t\t\t\t\t<span class=\"elementor-heading-title elementor-size-default\">Cliente<\/span>\t\t\t\t<\/div>\n\t\t\t\t<\/div>\n\t\t\t\t<div class=\"elementor-element elementor-element-74cf3851 elementor-widget__width-initial de_scroll_animation_no elementor-invisible elementor-widget elementor-widget-heading\" data-id=\"74cf3851\" data-element_type=\"widget\" data-e-type=\"widget\" data-settings=\"{&quot;_animation&quot;:&quot;fadeIn&quot;}\" data-widget_type=\"heading.default\">\n\t\t\t\t<div class=\"elementor-widget-container\">\n\t\t\t\t\t<h6 class=\"elementor-heading-title elementor-size-default\">BATA<\/h6>\t\t\t\t<\/div>\n\t\t\t\t<\/div>\n\t\t\t\t<div class=\"elementor-element elementor-element-1c2627fc elementor-widget__width-initial de_scroll_animation_no elementor-invisible elementor-widget elementor-widget-heading\" data-id=\"1c2627fc\" data-element_type=\"widget\" data-e-type=\"widget\" data-settings=\"{&quot;_animation&quot;:&quot;fadeIn&quot;}\" data-widget_type=\"heading.default\">\n\t\t\t\t<div class=\"elementor-widget-container\">\n\t\t\t\t\t<span class=\"elementor-heading-title elementor-size-default\">Servicio<\/span>\t\t\t\t<\/div>\n\t\t\t\t<\/div>\n\t\t\t\t<div class=\"elementor-element elementor-element-27ed4f97 elementor-widget__width-initial de_scroll_animation_no elementor-invisible elementor-widget elementor-widget-heading\" data-id=\"27ed4f97\" data-element_type=\"widget\" data-e-type=\"widget\" data-settings=\"{&quot;_animation&quot;:&quot;fadeIn&quot;}\" data-widget_type=\"heading.default\">\n\t\t\t\t<div class=\"elementor-widget-container\">\n\t\t\t\t\t<h6 class=\"elementor-heading-title elementor-size-default\">DISE\u00d1O - PLANIFICACI\u00d3N - REMODELACI\u00d3N<\/h6>\t\t\t\t<\/div>\n\t\t\t\t<\/div>\n\t\t\t\t<div class=\"elementor-element elementor-element-54cb721 elementor-widget__width-initial de_scroll_animation_no elementor-invisible elementor-widget elementor-widget-heading\" data-id=\"54cb721\" data-element_type=\"widget\" data-e-type=\"widget\" data-settings=\"{&quot;_animation&quot;:&quot;fadeIn&quot;}\" data-widget_type=\"heading.default\">\n\t\t\t\t<div class=\"elementor-widget-container\">\n\t\t\t\t\t<span class=\"elementor-heading-title elementor-size-default\">Fecha<\/span>\t\t\t\t<\/div>\n\t\t\t\t<\/div>\n\t\t\t\t<div class=\"elementor-element elementor-element-69dcad68 elementor-widget__width-initial de_scroll_animation_no elementor-invisible elementor-widget elementor-widget-heading\" data-id=\"69dcad68\" data-element_type=\"widget\" data-e-type=\"widget\" data-settings=\"{&quot;_animation&quot;:&quot;fadeIn&quot;}\" data-widget_type=\"heading.default\">\n\t\t\t\t<div class=\"elementor-widget-container\">\n\t\t\t\t\t<h6 class=\"elementor-heading-title elementor-size-default\">2023<\/h6>\t\t\t\t<\/div>\n\t\t\t\t<\/div>\n\t\t\t\t\t<\/div>\n\t\t<\/div>\n\t\t\t\t<div class=\"elementor-column elementor-col-50 elementor-top-column elementor-element elementor-element-60031ea7\" data-id=\"60031ea7\" data-element_type=\"column\" data-e-type=\"column\">\n\t\t\t<div class=\"elementor-widget-wrap elementor-element-populated\">\n\t\t\t\t\t\t<div class=\"elementor-element elementor-element-306a947f de_scroll_animation_no elementor-invisible elementor-widget elementor-widget-image\" data-id=\"306a947f\" data-element_type=\"widget\" data-e-type=\"widget\" data-settings=\"{&quot;_animation&quot;:&quot;fadeIn&quot;}\" data-widget_type=\"image.default\">\n\t\t\t\t<div class=\"elementor-widget-container\">\n\t\t\t\t\t\t\t\t\t\t\t\t\t\t\t<img fetchpriority=\"high\" decoding=\"async\" width=\"2500\" height=\"2500\" src=\"https:\/\/moreearquitectos.com\/wp-content\/uploads\/2023\/07\/Batta-01.jpg\" class=\"attachment-full size-full wp-image-621\" alt=\"\" srcset=\"https:\/\/moreearquitectos.com\/wp-content\/uploads\/2023\/07\/Batta-01.jpg 2500w, https:\/\/moreearquitectos.com\/wp-content\/uploads\/2023\/07\/Batta-01-300x300.jpg 300w, https:\/\/moreearquitectos.com\/wp-content\/uploads\/2023\/07\/Batta-01-1024x1024.jpg 1024w, https:\/\/moreearquitectos.com\/wp-content\/uploads\/2023\/07\/Batta-01-150x150.jpg 150w, https:\/\/moreearquitectos.com\/wp-content\/uploads\/2023\/07\/Batta-01-768x768.jpg 768w, https:\/\/moreearquitectos.com\/wp-content\/uploads\/2023\/07\/Batta-01-1536x1536.jpg 1536w, https:\/\/moreearquitectos.com\/wp-content\/uploads\/2023\/07\/Batta-01-2048x2048.jpg 2048w, https:\/\/moreearquitectos.com\/wp-content\/uploads\/2023\/07\/Batta-01-650x650.jpg 650w, https:\/\/moreearquitectos.com\/wp-content\/uploads\/2023\/07\/Batta-01-1300x1300.jpg 1300w\" sizes=\"(max-width: 2500px) 100vw, 2500px\" \/>\t\t\t\t\t\t\t\t\t\t\t\t\t\t\t<\/div>\n\t\t\t\t<\/div>\n\t\t\t\t\t<\/div>\n\t\t<\/div>\n\t\t\t\t\t<\/div>\n\t\t<\/section>\n\t\t\t\t<section class=\"elementor-section elementor-top-section elementor-element elementor-element-76e15465 elementor-section-full_width elementor-section-height-default elementor-section-height-default elementor-invisible\" data-id=\"76e15465\" data-element_type=\"section\" data-e-type=\"section\" data-settings=\"{&quot;animation&quot;:&quot;fadeIn&quot;}\">\n\t\t\t\t\t\t<div class=\"elementor-container elementor-column-gap-default\">\n\t\t\t\t\t<div class=\"elementor-column elementor-col-100 elementor-top-column elementor-element elementor-element-70dc1c84\" data-id=\"70dc1c84\" data-element_type=\"column\" data-e-type=\"column\">\n\t\t\t<div class=\"elementor-widget-wrap elementor-element-populated\">\n\t\t\t\t\t\t<div class=\"elementor-element elementor-element-cd7115c de_scroll_animation_no elementor-invisible elementor-widget elementor-widget-qi_addons_for_elementor_image_slider\" data-id=\"cd7115c\" data-element_type=\"widget\" data-e-type=\"widget\" data-settings=\"{&quot;_animation&quot;:&quot;fadeIn&quot;}\" data-widget_type=\"qi_addons_for_elementor_image_slider.default\">\n\t\t\t\t<div class=\"elementor-widget-container\">\n\t\t\t\t\t<div class=\"qodef-shortcode qodef-m qodef-qi-image-slider qodef-qi-fslightbox-popup qodef-popup-gallery qodef-image--hover-zoom qodef-col-num--3 qodef-qi-grid qodef-qi-swiper-container qodef-navigation--inside qodef-navigation--hover-move\" data-options=\"{&quot;direction&quot;:&quot;horizontal&quot;,&quot;slidesPerView&quot;:&quot;3&quot;,&quot;spaceBetween&quot;:0,&quot;spaceBetweenTablet&quot;:30,&quot;spaceBetweenMobile&quot;:30,&quot;effect&quot;:&quot;&quot;,&quot;loop&quot;:true,&quot;autoplay&quot;:true,&quot;centeredSlides&quot;:true,&quot;speed&quot;:&quot;&quot;,&quot;speedAnimation&quot;:&quot;&quot;,&quot;outsideNavigation&quot;:&quot;no&quot;,&quot;outsidePagination&quot;:&quot;no&quot;,&quot;unique&quot;:493,&quot;partialValue&quot;:0,&quot;disablePartialValue&quot;:&quot;&quot;,&quot;parallax&quot;:&quot;no&quot;}\">\n\t<div class=\"swiper-wrapper\">\n\t\t<div class=\"qodef-e swiper-slide\">\n\t<div class=\"qodef-e-inner\">\n\t\t<div class=\"qodef-e-inner-holder\">\n\t\t\t\t\t\t\t<a class=\"qodef-popup-item\" itemprop=\"image\" href=\"https:\/\/moreearquitectos.com\/wp-content\/uploads\/2023\/07\/Batta-Ballenita-02.jpg\" data-type=\"image\" data-fslightbox=\"gallery-493\" data-e-disable-page-transition=\u201dtrue\u201d>\n\t\t\t\t\t\t\t<img decoding=\"async\" width=\"1459\" height=\"1042\" src=\"https:\/\/moreearquitectos.com\/wp-content\/uploads\/2023\/07\/Batta-Ballenita-02.jpg\" class=\"attachment-full size-full\" alt=\"\" srcset=\"https:\/\/moreearquitectos.com\/wp-content\/uploads\/2023\/07\/Batta-Ballenita-02.jpg 1459w, https:\/\/moreearquitectos.com\/wp-content\/uploads\/2023\/07\/Batta-Ballenita-02-300x214.jpg 300w, https:\/\/moreearquitectos.com\/wp-content\/uploads\/2023\/07\/Batta-Ballenita-02-1024x731.jpg 1024w, https:\/\/moreearquitectos.com\/wp-content\/uploads\/2023\/07\/Batta-Ballenita-02-768x548.jpg 768w\" sizes=\"(max-width: 1459px) 100vw, 1459px\" \/>\t\t\t\t\t\t\t<\/a>\n\t\t\t\t\t<\/div>\n\t<\/div>\n\t<\/div>\n<div class=\"qodef-e swiper-slide\">\n\t<div class=\"qodef-e-inner\">\n\t\t<div class=\"qodef-e-inner-holder\">\n\t\t\t\t\t\t\t<a class=\"qodef-popup-item\" itemprop=\"image\" href=\"https:\/\/moreearquitectos.com\/wp-content\/uploads\/2023\/07\/Batta-Ballenita-05.jpg\" data-type=\"image\" data-fslightbox=\"gallery-493\" data-e-disable-page-transition=\u201dtrue\u201d>\n\t\t\t\t\t\t\t<img decoding=\"async\" width=\"1459\" height=\"1042\" src=\"https:\/\/moreearquitectos.com\/wp-content\/uploads\/2023\/07\/Batta-Ballenita-05.jpg\" class=\"attachment-full size-full\" alt=\"\" srcset=\"https:\/\/moreearquitectos.com\/wp-content\/uploads\/2023\/07\/Batta-Ballenita-05.jpg 1459w, https:\/\/moreearquitectos.com\/wp-content\/uploads\/2023\/07\/Batta-Ballenita-05-300x214.jpg 300w, https:\/\/moreearquitectos.com\/wp-content\/uploads\/2023\/07\/Batta-Ballenita-05-1024x731.jpg 1024w, https:\/\/moreearquitectos.com\/wp-content\/uploads\/2023\/07\/Batta-Ballenita-05-768x548.jpg 768w\" sizes=\"(max-width: 1459px) 100vw, 1459px\" \/>\t\t\t\t\t\t\t<\/a>\n\t\t\t\t\t<\/div>\n\t<\/div>\n\t<\/div>\n<div class=\"qodef-e swiper-slide\">\n\t<div class=\"qodef-e-inner\">\n\t\t<div class=\"qodef-e-inner-holder\">\n\t\t\t\t\t\t\t<a class=\"qodef-popup-item\" itemprop=\"image\" href=\"https:\/\/moreearquitectos.com\/wp-content\/uploads\/2023\/07\/Batta-Ballenita-06.jpg\" data-type=\"image\" data-fslightbox=\"gallery-493\" data-e-disable-page-transition=\u201dtrue\u201d>\n\t\t\t\t\t\t\t<img loading=\"lazy\" decoding=\"async\" width=\"1460\" height=\"1042\" src=\"https:\/\/moreearquitectos.com\/wp-content\/uploads\/2023\/07\/Batta-Ballenita-06.jpg\" class=\"attachment-full size-full\" alt=\"\" srcset=\"https:\/\/moreearquitectos.com\/wp-content\/uploads\/2023\/07\/Batta-Ballenita-06.jpg 1460w, https:\/\/moreearquitectos.com\/wp-content\/uploads\/2023\/07\/Batta-Ballenita-06-300x214.jpg 300w, https:\/\/moreearquitectos.com\/wp-content\/uploads\/2023\/07\/Batta-Ballenita-06-1024x731.jpg 1024w, https:\/\/moreearquitectos.com\/wp-content\/uploads\/2023\/07\/Batta-Ballenita-06-768x548.jpg 768w\" sizes=\"(max-width: 1460px) 100vw, 1460px\" \/>\t\t\t\t\t\t\t<\/a>\n\t\t\t\t\t<\/div>\n\t<\/div>\n\t<\/div>\n<div class=\"qodef-e swiper-slide\">\n\t<div class=\"qodef-e-inner\">\n\t\t<div class=\"qodef-e-inner-holder\">\n\t\t\t\t\t\t\t<a class=\"qodef-popup-item\" itemprop=\"image\" href=\"https:\/\/moreearquitectos.com\/wp-content\/uploads\/2023\/07\/Batta-Ballenita-04.jpg\" data-type=\"image\" data-fslightbox=\"gallery-493\" data-e-disable-page-transition=\u201dtrue\u201d>\n\t\t\t\t\t\t\t<img loading=\"lazy\" decoding=\"async\" width=\"1459\" height=\"1042\" src=\"https:\/\/moreearquitectos.com\/wp-content\/uploads\/2023\/07\/Batta-Ballenita-04.jpg\" class=\"attachment-full size-full\" alt=\"\" srcset=\"https:\/\/moreearquitectos.com\/wp-content\/uploads\/2023\/07\/Batta-Ballenita-04.jpg 1459w, https:\/\/moreearquitectos.com\/wp-content\/uploads\/2023\/07\/Batta-Ballenita-04-300x214.jpg 300w, https:\/\/moreearquitectos.com\/wp-content\/uploads\/2023\/07\/Batta-Ballenita-04-1024x731.jpg 1024w, https:\/\/moreearquitectos.com\/wp-content\/uploads\/2023\/07\/Batta-Ballenita-04-768x548.jpg 768w\" sizes=\"(max-width: 1459px) 100vw, 1459px\" \/>\t\t\t\t\t\t\t<\/a>\n\t\t\t\t\t<\/div>\n\t<\/div>\n\t<\/div>\n<div class=\"qodef-e swiper-slide\">\n\t<div class=\"qodef-e-inner\">\n\t\t<div class=\"qodef-e-inner-holder\">\n\t\t\t\t\t\t\t<a class=\"qodef-popup-item\" itemprop=\"image\" href=\"https:\/\/moreearquitectos.com\/wp-content\/uploads\/2023\/07\/Batta-Ballenita-03.jpg\" data-type=\"image\" data-fslightbox=\"gallery-493\" data-e-disable-page-transition=\u201dtrue\u201d>\n\t\t\t\t\t\t\t<img loading=\"lazy\" decoding=\"async\" width=\"1459\" height=\"1042\" src=\"https:\/\/moreearquitectos.com\/wp-content\/uploads\/2023\/07\/Batta-Ballenita-03.jpg\" class=\"attachment-full size-full\" alt=\"\" srcset=\"https:\/\/moreearquitectos.com\/wp-content\/uploads\/2023\/07\/Batta-Ballenita-03.jpg 1459w, https:\/\/moreearquitectos.com\/wp-content\/uploads\/2023\/07\/Batta-Ballenita-03-300x214.jpg 300w, https:\/\/moreearquitectos.com\/wp-content\/uploads\/2023\/07\/Batta-Ballenita-03-1024x731.jpg 1024w, https:\/\/moreearquitectos.com\/wp-content\/uploads\/2023\/07\/Batta-Ballenita-03-768x548.jpg 768w\" sizes=\"(max-width: 1459px) 100vw, 1459px\" \/>\t\t\t\t\t\t\t<\/a>\n\t\t\t\t\t<\/div>\n\t<\/div>\n\t<\/div>\n\t<\/div>\n\t\t<div class=\"swiper-button-prev\"><svg class=\"qodef-swiper-arrow-left\" xmlns=\"http:\/\/www.w3.org\/2000\/svg\" x=\"0px\" y=\"0px\" viewBox=\"0 0 34.2 32.3\" xml:space=\"preserve\" style=\"stroke-width: 2;\"><line x1=\"0.5\" y1=\"16\" x2=\"33.5\" y2=\"16\"\/><line x1=\"0.3\" y1=\"16.5\" x2=\"16.2\" y2=\"0.7\"\/><line x1=\"0\" y1=\"15.4\" x2=\"16.2\" y2=\"31.6\"\/><\/svg><\/div>\n\t<div class=\"swiper-button-next\"><svg class=\"qodef-swiper-arrow-right\" xmlns=\"http:\/\/www.w3.org\/2000\/svg\" x=\"0px\" y=\"0px\" viewBox=\"0 0 34.2 32.3\" xml:space=\"preserve\" style=\"stroke-width: 2;\"><line x1=\"0\" y1=\"16\" x2=\"33\" y2=\"16\"\/><line x1=\"17.3\" y1=\"0.7\" x2=\"33.2\" y2=\"16.5\"\/><line x1=\"17.3\" y1=\"31.6\" x2=\"33.5\" y2=\"15.4\"\/><\/svg><\/div>\n<\/div>\n\t\t\t\t<\/div>\n\t\t\t\t<\/div>\n\t\t\t\t\t<\/div>\n\t\t<\/div>\n\t\t\t\t\t<\/div>\n\t\t<\/section>\n\t\t\t\t<\/div>\n\t\t","protected":false},"excerpt":{"rendered":"<p>ProYectO BATA &#8211; BALLENITA El dise\u00f1o vanguardista presenta l\u00edneas limpias y una distribuci\u00f3n inteligente del espacio, creando una experiencia de compra \u00fanica. Las amplias \u00e1reas de exhibici\u00f3n permiten mostrar\u00a0 el producto de manera organizada y atractiva. Cliente BATA Servicio DISE\u00d1O &#8211; PLANIFICACI\u00d3N &#8211; REMODELACI\u00d3N Fecha 2023<\/p>\n","protected":false},"author":1,"featured_media":0,"parent":0,"menu_order":0,"comment_status":"closed","ping_status":"closed","template":"","meta":{"footnotes":""},"class_list":["post-612","page","type-page","status-publish","hentry"],"_links":{"self":[{"href":"https:\/\/moreearquitectos.com\/index.php\/wp-json\/wp\/v2\/pages\/612","targetHints":{"allow":["GET"]}}],"collection":[{"href":"https:\/\/moreearquitectos.com\/index.php\/wp-json\/wp\/v2\/pages"}],"about":[{"href":"https:\/\/moreearquitectos.com\/index.php\/wp-json\/wp\/v2\/types\/page"}],"author":[{"embeddable":true,"href":"https:\/\/moreearquitectos.com\/index.php\/wp-json\/wp\/v2\/users\/1"}],"replies":[{"embeddable":true,"href":"https:\/\/moreearquitectos.com\/index.php\/wp-json\/wp\/v2\/comments?post=612"}],"version-history":[{"count":13,"href":"https:\/\/moreearquitectos.com\/index.php\/wp-json\/wp\/v2\/pages\/612\/revisions"}],"predecessor-version":[{"id":633,"href":"https:\/\/moreearquitectos.com\/index.php\/wp-json\/wp\/v2\/pages\/612\/revisions\/633"}],"wp:attachment":[{"href":"https:\/\/moreearquitectos.com\/index.php\/wp-json\/wp\/v2\/media?parent=612"}],"curies":[{"name":"wp","href":"https:\/\/api.w.org\/{rel}","templated":true}]}}