{"id":499,"date":"2023-05-28T23:06:41","date_gmt":"2023-05-28T23:06:41","guid":{"rendered":"https:\/\/moreearquitectos.com\/?page_id=499"},"modified":"2023-05-28T23:19:52","modified_gmt":"2023-05-28T23:19:52","slug":"remodelacion-residencia-tanda","status":"publish","type":"page","link":"https:\/\/moreearquitectos.com\/index.php\/remodelacion-residencia-tanda\/","title":{"rendered":"REMODELACI\u00d3N RESIDENCIA TANDA"},"content":{"rendered":"\t\t<div data-elementor-type=\"wp-page\" data-elementor-id=\"499\" class=\"elementor elementor-499\">\n\t\t\t\t\t\t<section class=\"elementor-section elementor-top-section elementor-element elementor-element-41eef3cf elementor-section-full_width elementor-reverse-mobile elementor-section-height-default elementor-section-height-default elementor-invisible\" data-id=\"41eef3cf\" data-element_type=\"section\" data-e-type=\"section\" data-settings=\"{&quot;animation&quot;:&quot;fadeIn&quot;}\">\n\t\t\t\t\t\t<div class=\"elementor-container elementor-column-gap-default\">\n\t\t\t\t\t<div class=\"elementor-column elementor-col-50 elementor-top-column elementor-element elementor-element-4bd36094\" data-id=\"4bd36094\" data-element_type=\"column\" data-e-type=\"column\">\n\t\t\t<div class=\"elementor-widget-wrap elementor-element-populated\">\n\t\t\t\t\t\t<div class=\"elementor-element elementor-element-19f03442 elementor-widget__width-auto de_scroll_animation_no elementor-invisible elementor-widget elementor-widget-heading\" data-id=\"19f03442\" data-element_type=\"widget\" data-e-type=\"widget\" data-settings=\"{&quot;_animation&quot;:&quot;fadeIn&quot;}\" data-widget_type=\"heading.default\">\n\t\t\t\t<div class=\"elementor-widget-container\">\n\t\t\t\t\t<h6 class=\"elementor-heading-title elementor-size-default\">ProYectO<\/h6>\t\t\t\t<\/div>\n\t\t\t\t<\/div>\n\t\t\t\t<div class=\"elementor-element elementor-element-2059703c de_scroll_animation_no elementor-invisible elementor-widget elementor-widget-qi_addons_for_elementor_animated_text\" data-id=\"2059703c\" data-element_type=\"widget\" data-e-type=\"widget\" data-settings=\"{&quot;_animation&quot;:&quot;fadeIn&quot;}\" data-widget_type=\"qi_addons_for_elementor_animated_text.default\">\n\t\t\t\t<div class=\"elementor-widget-container\">\n\t\t\t\t\t<div class=\"qodef-shortcode qodef-m qodef-qi-animated-text qodef--animated-by-word qodef--alignment-left qodef-qi--has-appear qodef--appear-from-right\" >\n\t\t<h2 class=\"qodef-m-title\">\n\t\t<span class=\"qodef-e-word\">REMODELACI\u00d3N<\/span> <span class=\"qodef-e-word\">RESIDENCIA<\/span> <span class=\"qodef-e-word\">TANDA<\/span>\t<\/h2>\n<\/div>\n\t\t\t\t<\/div>\n\t\t\t\t<\/div>\n\t\t\t\t<div class=\"elementor-element elementor-element-5bb29dc de_scroll_animation_no elementor-invisible elementor-widget elementor-widget-text-editor\" data-id=\"5bb29dc\" data-element_type=\"widget\" data-e-type=\"widget\" data-settings=\"{&quot;_animation&quot;:&quot;fadeIn&quot;}\" data-widget_type=\"text-editor.default\">\n\t\t\t\t<div class=\"elementor-widget-container\">\n\t\t\t\t\t\t\t\t\t<p><span style=\"font-weight: 400;\">Proyecto inmobiliario de vanguardia <\/span><span style=\"font-weight: 400;\">que ofrece un conjunto residencial exclusivo con dise\u00f1o arquitect\u00f3nico innovador, espacios amplios y confortables.<\/span><\/p>\t\t\t\t\t\t\t\t<\/div>\n\t\t\t\t<\/div>\n\t\t\t\t<div class=\"elementor-element elementor-element-29d95403 elementor-widget__width-initial de_scroll_animation_no elementor-invisible elementor-widget elementor-widget-heading\" data-id=\"29d95403\" data-element_type=\"widget\" data-e-type=\"widget\" data-settings=\"{&quot;_animation&quot;:&quot;fadeIn&quot;}\" data-widget_type=\"heading.default\">\n\t\t\t\t<div class=\"elementor-widget-container\">\n\t\t\t\t\t<span class=\"elementor-heading-title elementor-size-default\">Cliente<\/span>\t\t\t\t<\/div>\n\t\t\t\t<\/div>\n\t\t\t\t<div class=\"elementor-element elementor-element-74cf3851 elementor-widget__width-initial de_scroll_animation_no elementor-invisible elementor-widget elementor-widget-heading\" data-id=\"74cf3851\" data-element_type=\"widget\" data-e-type=\"widget\" data-settings=\"{&quot;_animation&quot;:&quot;fadeIn&quot;}\" data-widget_type=\"heading.default\">\n\t\t\t\t<div class=\"elementor-widget-container\">\n\t\t\t\t\t<h6 class=\"elementor-heading-title elementor-size-default\">FAMILIA CHANGOLUISA PERALVO <\/h6>\t\t\t\t<\/div>\n\t\t\t\t<\/div>\n\t\t\t\t<div class=\"elementor-element elementor-element-1c2627fc elementor-widget__width-initial de_scroll_animation_no elementor-invisible elementor-widget elementor-widget-heading\" data-id=\"1c2627fc\" data-element_type=\"widget\" data-e-type=\"widget\" data-settings=\"{&quot;_animation&quot;:&quot;fadeIn&quot;}\" data-widget_type=\"heading.default\">\n\t\t\t\t<div class=\"elementor-widget-container\">\n\t\t\t\t\t<span class=\"elementor-heading-title elementor-size-default\">Servicio<\/span>\t\t\t\t<\/div>\n\t\t\t\t<\/div>\n\t\t\t\t<div class=\"elementor-element elementor-element-27ed4f97 elementor-widget__width-initial de_scroll_animation_no elementor-invisible elementor-widget elementor-widget-heading\" data-id=\"27ed4f97\" data-element_type=\"widget\" data-e-type=\"widget\" data-settings=\"{&quot;_animation&quot;:&quot;fadeIn&quot;}\" data-widget_type=\"heading.default\">\n\t\t\t\t<div class=\"elementor-widget-container\">\n\t\t\t\t\t<h6 class=\"elementor-heading-title elementor-size-default\">DISE\u00d1O - PLANIFICACI\u00d3N - CONTRUCCI\u00d3N<\/h6>\t\t\t\t<\/div>\n\t\t\t\t<\/div>\n\t\t\t\t<div class=\"elementor-element elementor-element-54cb721 elementor-widget__width-initial de_scroll_animation_no elementor-invisible elementor-widget elementor-widget-heading\" data-id=\"54cb721\" data-element_type=\"widget\" data-e-type=\"widget\" data-settings=\"{&quot;_animation&quot;:&quot;fadeIn&quot;}\" data-widget_type=\"heading.default\">\n\t\t\t\t<div class=\"elementor-widget-container\">\n\t\t\t\t\t<span class=\"elementor-heading-title elementor-size-default\">Fecha<\/span>\t\t\t\t<\/div>\n\t\t\t\t<\/div>\n\t\t\t\t<div class=\"elementor-element elementor-element-69dcad68 elementor-widget__width-initial de_scroll_animation_no elementor-invisible elementor-widget elementor-widget-heading\" data-id=\"69dcad68\" data-element_type=\"widget\" data-e-type=\"widget\" data-settings=\"{&quot;_animation&quot;:&quot;fadeIn&quot;}\" data-widget_type=\"heading.default\">\n\t\t\t\t<div class=\"elementor-widget-container\">\n\t\t\t\t\t<h6 class=\"elementor-heading-title elementor-size-default\">Junio 2022<\/h6>\t\t\t\t<\/div>\n\t\t\t\t<\/div>\n\t\t\t\t\t<\/div>\n\t\t<\/div>\n\t\t\t\t<div class=\"elementor-column elementor-col-50 elementor-top-column elementor-element elementor-element-60031ea7\" data-id=\"60031ea7\" data-element_type=\"column\" data-e-type=\"column\">\n\t\t\t<div class=\"elementor-widget-wrap elementor-element-populated\">\n\t\t\t\t\t\t<div class=\"elementor-element elementor-element-306a947f de_scroll_animation_no elementor-invisible elementor-widget elementor-widget-image\" data-id=\"306a947f\" data-element_type=\"widget\" data-e-type=\"widget\" data-settings=\"{&quot;_animation&quot;:&quot;fadeIn&quot;}\" data-widget_type=\"image.default\">\n\t\t\t\t<div class=\"elementor-widget-container\">\n\t\t\t\t\t\t\t\t\t\t\t\t\t\t\t<img fetchpriority=\"high\" decoding=\"async\" width=\"1201\" height=\"1201\" src=\"https:\/\/moreearquitectos.com\/wp-content\/uploads\/2023\/05\/rt-21.jpg\" class=\"attachment-full size-full wp-image-518\" alt=\"\" srcset=\"https:\/\/moreearquitectos.com\/wp-content\/uploads\/2023\/05\/rt-21.jpg 1201w, https:\/\/moreearquitectos.com\/wp-content\/uploads\/2023\/05\/rt-21-300x300.jpg 300w, https:\/\/moreearquitectos.com\/wp-content\/uploads\/2023\/05\/rt-21-1024x1024.jpg 1024w, https:\/\/moreearquitectos.com\/wp-content\/uploads\/2023\/05\/rt-21-150x150.jpg 150w, https:\/\/moreearquitectos.com\/wp-content\/uploads\/2023\/05\/rt-21-768x768.jpg 768w, https:\/\/moreearquitectos.com\/wp-content\/uploads\/2023\/05\/rt-21-650x650.jpg 650w\" sizes=\"(max-width: 1201px) 100vw, 1201px\" \/>\t\t\t\t\t\t\t\t\t\t\t\t\t\t\t<\/div>\n\t\t\t\t<\/div>\n\t\t\t\t\t<\/div>\n\t\t<\/div>\n\t\t\t\t\t<\/div>\n\t\t<\/section>\n\t\t\t\t<section class=\"elementor-section elementor-top-section elementor-element elementor-element-76e15465 elementor-section-full_width elementor-section-height-default elementor-section-height-default elementor-invisible\" data-id=\"76e15465\" data-element_type=\"section\" data-e-type=\"section\" data-settings=\"{&quot;animation&quot;:&quot;fadeIn&quot;}\">\n\t\t\t\t\t\t<div class=\"elementor-container elementor-column-gap-default\">\n\t\t\t\t\t<div class=\"elementor-column elementor-col-100 elementor-top-column elementor-element elementor-element-70dc1c84\" data-id=\"70dc1c84\" data-element_type=\"column\" data-e-type=\"column\">\n\t\t\t<div class=\"elementor-widget-wrap elementor-element-populated\">\n\t\t\t\t\t\t<div class=\"elementor-element elementor-element-cd7115c de_scroll_animation_no elementor-invisible elementor-widget elementor-widget-qi_addons_for_elementor_image_slider\" data-id=\"cd7115c\" data-element_type=\"widget\" data-e-type=\"widget\" data-settings=\"{&quot;_animation&quot;:&quot;fadeIn&quot;}\" data-widget_type=\"qi_addons_for_elementor_image_slider.default\">\n\t\t\t\t<div class=\"elementor-widget-container\">\n\t\t\t\t\t<div class=\"qodef-shortcode qodef-m qodef-qi-image-slider qodef-qi-fslightbox-popup qodef-popup-gallery qodef-image--hover-zoom qodef-col-num--3 qodef-qi-grid qodef-qi-swiper-container qodef-navigation--inside qodef-navigation--hover-move\" data-options=\"{&quot;direction&quot;:&quot;horizontal&quot;,&quot;slidesPerView&quot;:&quot;3&quot;,&quot;spaceBetween&quot;:0,&quot;spaceBetweenTablet&quot;:30,&quot;spaceBetweenMobile&quot;:30,&quot;effect&quot;:&quot;&quot;,&quot;loop&quot;:true,&quot;autoplay&quot;:true,&quot;centeredSlides&quot;:true,&quot;speed&quot;:&quot;&quot;,&quot;speedAnimation&quot;:&quot;&quot;,&quot;outsideNavigation&quot;:&quot;no&quot;,&quot;outsidePagination&quot;:&quot;no&quot;,&quot;unique&quot;:826,&quot;partialValue&quot;:0,&quot;disablePartialValue&quot;:&quot;&quot;,&quot;parallax&quot;:&quot;no&quot;}\">\n\t<div class=\"swiper-wrapper\">\n\t\t<div class=\"qodef-e swiper-slide\">\n\t<div class=\"qodef-e-inner\">\n\t\t<div class=\"qodef-e-inner-holder\">\n\t\t\t\t\t\t\t<a class=\"qodef-popup-item\" itemprop=\"image\" href=\"https:\/\/moreearquitectos.com\/wp-content\/uploads\/2023\/05\/rt-37.jpg\" data-type=\"image\" data-fslightbox=\"gallery-826\" data-e-disable-page-transition=\u201dtrue\u201d>\n\t\t\t\t\t\t\t<img decoding=\"async\" width=\"701\" height=\"501\" src=\"https:\/\/moreearquitectos.com\/wp-content\/uploads\/2023\/05\/rt-37.jpg\" class=\"attachment-full size-full\" alt=\"\" srcset=\"https:\/\/moreearquitectos.com\/wp-content\/uploads\/2023\/05\/rt-37.jpg 701w, https:\/\/moreearquitectos.com\/wp-content\/uploads\/2023\/05\/rt-37-300x214.jpg 300w\" sizes=\"(max-width: 701px) 100vw, 701px\" \/>\t\t\t\t\t\t\t<\/a>\n\t\t\t\t\t<\/div>\n\t<\/div>\n\t<\/div>\n<div class=\"qodef-e swiper-slide\">\n\t<div class=\"qodef-e-inner\">\n\t\t<div class=\"qodef-e-inner-holder\">\n\t\t\t\t\t\t\t<a class=\"qodef-popup-item\" itemprop=\"image\" href=\"https:\/\/moreearquitectos.com\/wp-content\/uploads\/2023\/05\/rt-36.jpg\" data-type=\"image\" data-fslightbox=\"gallery-826\" data-e-disable-page-transition=\u201dtrue\u201d>\n\t\t\t\t\t\t\t<img decoding=\"async\" width=\"701\" height=\"501\" src=\"https:\/\/moreearquitectos.com\/wp-content\/uploads\/2023\/05\/rt-36.jpg\" class=\"attachment-full size-full\" alt=\"\" srcset=\"https:\/\/moreearquitectos.com\/wp-content\/uploads\/2023\/05\/rt-36.jpg 701w, https:\/\/moreearquitectos.com\/wp-content\/uploads\/2023\/05\/rt-36-300x214.jpg 300w\" sizes=\"(max-width: 701px) 100vw, 701px\" \/>\t\t\t\t\t\t\t<\/a>\n\t\t\t\t\t<\/div>\n\t<\/div>\n\t<\/div>\n<div class=\"qodef-e swiper-slide\">\n\t<div class=\"qodef-e-inner\">\n\t\t<div class=\"qodef-e-inner-holder\">\n\t\t\t\t\t\t\t<a class=\"qodef-popup-item\" itemprop=\"image\" href=\"https:\/\/moreearquitectos.com\/wp-content\/uploads\/2023\/05\/rt-35.jpg\" data-type=\"image\" data-fslightbox=\"gallery-826\" data-e-disable-page-transition=\u201dtrue\u201d>\n\t\t\t\t\t\t\t<img loading=\"lazy\" decoding=\"async\" width=\"701\" height=\"501\" src=\"https:\/\/moreearquitectos.com\/wp-content\/uploads\/2023\/05\/rt-35.jpg\" class=\"attachment-full size-full\" alt=\"\" srcset=\"https:\/\/moreearquitectos.com\/wp-content\/uploads\/2023\/05\/rt-35.jpg 701w, https:\/\/moreearquitectos.com\/wp-content\/uploads\/2023\/05\/rt-35-300x214.jpg 300w\" sizes=\"(max-width: 701px) 100vw, 701px\" \/>\t\t\t\t\t\t\t<\/a>\n\t\t\t\t\t<\/div>\n\t<\/div>\n\t<\/div>\n<div class=\"qodef-e swiper-slide\">\n\t<div class=\"qodef-e-inner\">\n\t\t<div class=\"qodef-e-inner-holder\">\n\t\t\t\t\t\t\t<a class=\"qodef-popup-item\" itemprop=\"image\" href=\"https:\/\/moreearquitectos.com\/wp-content\/uploads\/2023\/05\/rt-34.jpg\" data-type=\"image\" data-fslightbox=\"gallery-826\" data-e-disable-page-transition=\u201dtrue\u201d>\n\t\t\t\t\t\t\t<img loading=\"lazy\" decoding=\"async\" width=\"701\" height=\"501\" src=\"https:\/\/moreearquitectos.com\/wp-content\/uploads\/2023\/05\/rt-34.jpg\" class=\"attachment-full size-full\" alt=\"\" srcset=\"https:\/\/moreearquitectos.com\/wp-content\/uploads\/2023\/05\/rt-34.jpg 701w, https:\/\/moreearquitectos.com\/wp-content\/uploads\/2023\/05\/rt-34-300x214.jpg 300w\" sizes=\"(max-width: 701px) 100vw, 701px\" \/>\t\t\t\t\t\t\t<\/a>\n\t\t\t\t\t<\/div>\n\t<\/div>\n\t<\/div>\n<div class=\"qodef-e swiper-slide\">\n\t<div class=\"qodef-e-inner\">\n\t\t<div class=\"qodef-e-inner-holder\">\n\t\t\t\t\t\t\t<a class=\"qodef-popup-item\" itemprop=\"image\" href=\"https:\/\/moreearquitectos.com\/wp-content\/uploads\/2023\/05\/rt-33.jpg\" data-type=\"image\" data-fslightbox=\"gallery-826\" data-e-disable-page-transition=\u201dtrue\u201d>\n\t\t\t\t\t\t\t<img loading=\"lazy\" decoding=\"async\" width=\"701\" height=\"501\" src=\"https:\/\/moreearquitectos.com\/wp-content\/uploads\/2023\/05\/rt-33.jpg\" class=\"attachment-full size-full\" alt=\"\" srcset=\"https:\/\/moreearquitectos.com\/wp-content\/uploads\/2023\/05\/rt-33.jpg 701w, https:\/\/moreearquitectos.com\/wp-content\/uploads\/2023\/05\/rt-33-300x214.jpg 300w\" sizes=\"(max-width: 701px) 100vw, 701px\" \/>\t\t\t\t\t\t\t<\/a>\n\t\t\t\t\t<\/div>\n\t<\/div>\n\t<\/div>\n<div class=\"qodef-e swiper-slide\">\n\t<div class=\"qodef-e-inner\">\n\t\t<div class=\"qodef-e-inner-holder\">\n\t\t\t\t\t\t\t<a class=\"qodef-popup-item\" itemprop=\"image\" href=\"https:\/\/moreearquitectos.com\/wp-content\/uploads\/2023\/05\/rt-32.jpg\" data-type=\"image\" data-fslightbox=\"gallery-826\" data-e-disable-page-transition=\u201dtrue\u201d>\n\t\t\t\t\t\t\t<img loading=\"lazy\" decoding=\"async\" width=\"701\" height=\"501\" src=\"https:\/\/moreearquitectos.com\/wp-content\/uploads\/2023\/05\/rt-32.jpg\" class=\"attachment-full size-full\" alt=\"\" srcset=\"https:\/\/moreearquitectos.com\/wp-content\/uploads\/2023\/05\/rt-32.jpg 701w, https:\/\/moreearquitectos.com\/wp-content\/uploads\/2023\/05\/rt-32-300x214.jpg 300w\" sizes=\"(max-width: 701px) 100vw, 701px\" \/>\t\t\t\t\t\t\t<\/a>\n\t\t\t\t\t<\/div>\n\t<\/div>\n\t<\/div>\n<div class=\"qodef-e swiper-slide\">\n\t<div class=\"qodef-e-inner\">\n\t\t<div class=\"qodef-e-inner-holder\">\n\t\t\t\t\t\t\t<a class=\"qodef-popup-item\" itemprop=\"image\" href=\"https:\/\/moreearquitectos.com\/wp-content\/uploads\/2023\/05\/rt-31.jpg\" data-type=\"image\" data-fslightbox=\"gallery-826\" data-e-disable-page-transition=\u201dtrue\u201d>\n\t\t\t\t\t\t\t<img loading=\"lazy\" decoding=\"async\" width=\"701\" height=\"501\" src=\"https:\/\/moreearquitectos.com\/wp-content\/uploads\/2023\/05\/rt-31.jpg\" class=\"attachment-full size-full\" alt=\"\" srcset=\"https:\/\/moreearquitectos.com\/wp-content\/uploads\/2023\/05\/rt-31.jpg 701w, https:\/\/moreearquitectos.com\/wp-content\/uploads\/2023\/05\/rt-31-300x214.jpg 300w\" sizes=\"(max-width: 701px) 100vw, 701px\" \/>\t\t\t\t\t\t\t<\/a>\n\t\t\t\t\t<\/div>\n\t<\/div>\n\t<\/div>\n<div class=\"qodef-e swiper-slide\">\n\t<div class=\"qodef-e-inner\">\n\t\t<div class=\"qodef-e-inner-holder\">\n\t\t\t\t\t\t\t<a class=\"qodef-popup-item\" itemprop=\"image\" href=\"https:\/\/moreearquitectos.com\/wp-content\/uploads\/2023\/05\/rt-30.jpg\" data-type=\"image\" data-fslightbox=\"gallery-826\" data-e-disable-page-transition=\u201dtrue\u201d>\n\t\t\t\t\t\t\t<img loading=\"lazy\" decoding=\"async\" width=\"701\" height=\"501\" src=\"https:\/\/moreearquitectos.com\/wp-content\/uploads\/2023\/05\/rt-30.jpg\" class=\"attachment-full size-full\" alt=\"\" srcset=\"https:\/\/moreearquitectos.com\/wp-content\/uploads\/2023\/05\/rt-30.jpg 701w, https:\/\/moreearquitectos.com\/wp-content\/uploads\/2023\/05\/rt-30-300x214.jpg 300w\" sizes=\"(max-width: 701px) 100vw, 701px\" \/>\t\t\t\t\t\t\t<\/a>\n\t\t\t\t\t<\/div>\n\t<\/div>\n\t<\/div>\n<div class=\"qodef-e swiper-slide\">\n\t<div class=\"qodef-e-inner\">\n\t\t<div class=\"qodef-e-inner-holder\">\n\t\t\t\t\t\t\t<a class=\"qodef-popup-item\" itemprop=\"image\" href=\"https:\/\/moreearquitectos.com\/wp-content\/uploads\/2023\/05\/rt-29.jpg\" data-type=\"image\" data-fslightbox=\"gallery-826\" data-e-disable-page-transition=\u201dtrue\u201d>\n\t\t\t\t\t\t\t<img loading=\"lazy\" decoding=\"async\" width=\"701\" height=\"501\" src=\"https:\/\/moreearquitectos.com\/wp-content\/uploads\/2023\/05\/rt-29.jpg\" class=\"attachment-full size-full\" alt=\"\" srcset=\"https:\/\/moreearquitectos.com\/wp-content\/uploads\/2023\/05\/rt-29.jpg 701w, https:\/\/moreearquitectos.com\/wp-content\/uploads\/2023\/05\/rt-29-300x214.jpg 300w\" sizes=\"(max-width: 701px) 100vw, 701px\" \/>\t\t\t\t\t\t\t<\/a>\n\t\t\t\t\t<\/div>\n\t<\/div>\n\t<\/div>\n<div class=\"qodef-e swiper-slide\">\n\t<div class=\"qodef-e-inner\">\n\t\t<div class=\"qodef-e-inner-holder\">\n\t\t\t\t\t\t\t<a class=\"qodef-popup-item\" itemprop=\"image\" href=\"https:\/\/moreearquitectos.com\/wp-content\/uploads\/2023\/05\/rt-28.jpg\" data-type=\"image\" data-fslightbox=\"gallery-826\" data-e-disable-page-transition=\u201dtrue\u201d>\n\t\t\t\t\t\t\t<img loading=\"lazy\" decoding=\"async\" width=\"701\" height=\"501\" src=\"https:\/\/moreearquitectos.com\/wp-content\/uploads\/2023\/05\/rt-28.jpg\" class=\"attachment-full size-full\" alt=\"\" srcset=\"https:\/\/moreearquitectos.com\/wp-content\/uploads\/2023\/05\/rt-28.jpg 701w, https:\/\/moreearquitectos.com\/wp-content\/uploads\/2023\/05\/rt-28-300x214.jpg 300w\" sizes=\"(max-width: 701px) 100vw, 701px\" \/>\t\t\t\t\t\t\t<\/a>\n\t\t\t\t\t<\/div>\n\t<\/div>\n\t<\/div>\n<div class=\"qodef-e swiper-slide\">\n\t<div class=\"qodef-e-inner\">\n\t\t<div class=\"qodef-e-inner-holder\">\n\t\t\t\t\t\t\t<a class=\"qodef-popup-item\" itemprop=\"image\" href=\"https:\/\/moreearquitectos.com\/wp-content\/uploads\/2023\/05\/rt-27.jpg\" data-type=\"image\" data-fslightbox=\"gallery-826\" data-e-disable-page-transition=\u201dtrue\u201d>\n\t\t\t\t\t\t\t<img loading=\"lazy\" decoding=\"async\" width=\"701\" height=\"501\" src=\"https:\/\/moreearquitectos.com\/wp-content\/uploads\/2023\/05\/rt-27.jpg\" class=\"attachment-full size-full\" alt=\"\" srcset=\"https:\/\/moreearquitectos.com\/wp-content\/uploads\/2023\/05\/rt-27.jpg 701w, https:\/\/moreearquitectos.com\/wp-content\/uploads\/2023\/05\/rt-27-300x214.jpg 300w\" sizes=\"(max-width: 701px) 100vw, 701px\" \/>\t\t\t\t\t\t\t<\/a>\n\t\t\t\t\t<\/div>\n\t<\/div>\n\t<\/div>\n<div class=\"qodef-e swiper-slide\">\n\t<div class=\"qodef-e-inner\">\n\t\t<div class=\"qodef-e-inner-holder\">\n\t\t\t\t\t\t\t<a class=\"qodef-popup-item\" itemprop=\"image\" href=\"https:\/\/moreearquitectos.com\/wp-content\/uploads\/2023\/05\/rt-26.jpg\" data-type=\"image\" data-fslightbox=\"gallery-826\" data-e-disable-page-transition=\u201dtrue\u201d>\n\t\t\t\t\t\t\t<img loading=\"lazy\" decoding=\"async\" width=\"701\" height=\"501\" src=\"https:\/\/moreearquitectos.com\/wp-content\/uploads\/2023\/05\/rt-26.jpg\" class=\"attachment-full size-full\" alt=\"\" srcset=\"https:\/\/moreearquitectos.com\/wp-content\/uploads\/2023\/05\/rt-26.jpg 701w, https:\/\/moreearquitectos.com\/wp-content\/uploads\/2023\/05\/rt-26-300x214.jpg 300w\" sizes=\"(max-width: 701px) 100vw, 701px\" \/>\t\t\t\t\t\t\t<\/a>\n\t\t\t\t\t<\/div>\n\t<\/div>\n\t<\/div>\n\t<\/div>\n\t\t<div class=\"swiper-button-prev\"><svg class=\"qodef-swiper-arrow-left\" xmlns=\"http:\/\/www.w3.org\/2000\/svg\" x=\"0px\" y=\"0px\" viewBox=\"0 0 34.2 32.3\" xml:space=\"preserve\" style=\"stroke-width: 2;\"><line x1=\"0.5\" y1=\"16\" x2=\"33.5\" y2=\"16\"\/><line x1=\"0.3\" y1=\"16.5\" x2=\"16.2\" y2=\"0.7\"\/><line x1=\"0\" y1=\"15.4\" x2=\"16.2\" y2=\"31.6\"\/><\/svg><\/div>\n\t<div class=\"swiper-button-next\"><svg class=\"qodef-swiper-arrow-right\" xmlns=\"http:\/\/www.w3.org\/2000\/svg\" x=\"0px\" y=\"0px\" viewBox=\"0 0 34.2 32.3\" xml:space=\"preserve\" style=\"stroke-width: 2;\"><line x1=\"0\" y1=\"16\" x2=\"33\" y2=\"16\"\/><line x1=\"17.3\" y1=\"0.7\" x2=\"33.2\" y2=\"16.5\"\/><line x1=\"17.3\" y1=\"31.6\" x2=\"33.5\" y2=\"15.4\"\/><\/svg><\/div>\n<\/div>\n\t\t\t\t<\/div>\n\t\t\t\t<\/div>\n\t\t\t\t\t<\/div>\n\t\t<\/div>\n\t\t\t\t\t<\/div>\n\t\t<\/section>\n\t\t\t\t<section class=\"elementor-section elementor-top-section elementor-element elementor-element-57b29bd3 elementor-section-boxed elementor-section-height-default elementor-section-height-default elementor-invisible\" data-id=\"57b29bd3\" data-element_type=\"section\" data-e-type=\"section\" data-settings=\"{&quot;animation&quot;:&quot;fadeIn&quot;}\">\n\t\t\t\t\t\t<div class=\"elementor-container elementor-column-gap-default\">\n\t\t\t\t\t<div class=\"elementor-column elementor-col-100 elementor-top-column elementor-element elementor-element-7239791b\" data-id=\"7239791b\" data-element_type=\"column\" data-e-type=\"column\">\n\t\t\t<div class=\"elementor-widget-wrap elementor-element-populated\">\n\t\t\t\t\t\t<div class=\"elementor-element elementor-element-3428286c elementor-widget__width-initial de_scroll_animation_no elementor-invisible elementor-widget elementor-widget-qi_addons_for_elementor_faq\" data-id=\"3428286c\" data-element_type=\"widget\" data-e-type=\"widget\" data-settings=\"{&quot;_animation&quot;:&quot;fadeIn&quot;}\" data-widget_type=\"qi_addons_for_elementor_faq.default\">\n\t\t\t\t<div class=\"elementor-widget-container\">\n\t\t\t\t\t<div class=\"qodef-shortcode qodef-m qodef-qi-faq qodef-qi-clear qodef-behavior--accordion qodef-layout--simple qodef-style--standard\">\n\t<h5 class=\"qodef-e-title-holder\">\n\t<span class=\"qodef-e-title\">\n\t\t\t\tproceso\t<\/span>\n\t\t<span class=\"qodef-e-mark\">\n\t\t<span class=\"qodef-icon--plus\">\n\t\t\t\t<span class=\"qodef-e-icon\">\n\t\t<i aria-hidden=\"true\" class=\"icon icon-plus\"><\/i>\t<\/span>\n\t\t\t<\/span>\n\t\t<span class=\"qodef-icon--minus\">\n\t\t\t\t<span class=\"qodef-e-icon\">\n\t\t<i aria-hidden=\"true\" class=\"icon icon-minus\"><\/i>\t<\/span>\n\t\t\t<\/span>\n\t<\/span>\n\t<\/h5>\n<div class=\"qodef-e-content\">\n\t<div class=\"qodef-e-content-inner\">\n\t\t<p style=\"text-align: center\"><img loading=\"lazy\" decoding=\"async\" class=\"alignnone wp-image-517 size-full\" src=\"https:\/\/moreearquitectos.com\/wp-content\/uploads\/2023\/05\/rt-22.jpg\" alt=\"\" width=\"501\" height=\"301\" srcset=\"https:\/\/moreearquitectos.com\/wp-content\/uploads\/2023\/05\/rt-22.jpg 501w, https:\/\/moreearquitectos.com\/wp-content\/uploads\/2023\/05\/rt-22-300x180.jpg 300w\" sizes=\"(max-width: 501px) 100vw, 501px\" \/> <img loading=\"lazy\" decoding=\"async\" class=\"alignnone wp-image-516 size-full\" src=\"https:\/\/moreearquitectos.com\/wp-content\/uploads\/2023\/05\/rt-23.jpg\" alt=\"\" width=\"501\" height=\"301\" srcset=\"https:\/\/moreearquitectos.com\/wp-content\/uploads\/2023\/05\/rt-23.jpg 501w, https:\/\/moreearquitectos.com\/wp-content\/uploads\/2023\/05\/rt-23-300x180.jpg 300w\" sizes=\"(max-width: 501px) 100vw, 501px\" \/> <img loading=\"lazy\" decoding=\"async\" class=\"alignnone wp-image-515 size-full\" src=\"https:\/\/moreearquitectos.com\/wp-content\/uploads\/2023\/05\/rt-24.jpg\" alt=\"\" width=\"501\" height=\"301\" srcset=\"https:\/\/moreearquitectos.com\/wp-content\/uploads\/2023\/05\/rt-24.jpg 501w, https:\/\/moreearquitectos.com\/wp-content\/uploads\/2023\/05\/rt-24-300x180.jpg 300w\" sizes=\"(max-width: 501px) 100vw, 501px\" \/> <img loading=\"lazy\" decoding=\"async\" class=\"alignnone wp-image-514 size-full\" src=\"https:\/\/moreearquitectos.com\/wp-content\/uploads\/2023\/05\/rt-25.jpg\" alt=\"\" width=\"501\" height=\"301\" srcset=\"https:\/\/moreearquitectos.com\/wp-content\/uploads\/2023\/05\/rt-25.jpg 501w, https:\/\/moreearquitectos.com\/wp-content\/uploads\/2023\/05\/rt-25-300x180.jpg 300w\" sizes=\"(max-width: 501px) 100vw, 501px\" \/><\/p><p style=\"text-align: center\">\u00a0<\/p>\t<\/div>\n<\/div>\n<\/div>\n\t<script type=\"application\/ld+json\">{\"@context\":\"https:\\\/\\\/schema.org\",\"@type\":\"FAQPage\",\"mainEntity\":[{\"@type\":\"Question\",\"name\":\"proceso\",\"acceptedAnswer\":{\"@type\":\"Answer\",\"text\":\"<p style=\\\"text-align: center\\\"><img class=\\\"alignnone wp-image-517 size-full\\\" src=\\\"https:\\\/\\\/moreearquitectos.com\\\/wp-content\\\/uploads\\\/2023\\\/05\\\/rt-22.jpg\\\" alt=\\\"\\\" width=\\\"501\\\" height=\\\"301\\\" \\\/> <img class=\\\"alignnone wp-image-516 size-full\\\" src=\\\"https:\\\/\\\/moreearquitectos.com\\\/wp-content\\\/uploads\\\/2023\\\/05\\\/rt-23.jpg\\\" alt=\\\"\\\" width=\\\"501\\\" height=\\\"301\\\" \\\/> <img class=\\\"alignnone wp-image-515 size-full\\\" src=\\\"https:\\\/\\\/moreearquitectos.com\\\/wp-content\\\/uploads\\\/2023\\\/05\\\/rt-24.jpg\\\" alt=\\\"\\\" width=\\\"501\\\" height=\\\"301\\\" \\\/> <img class=\\\"alignnone wp-image-514 size-full\\\" src=\\\"https:\\\/\\\/moreearquitectos.com\\\/wp-content\\\/uploads\\\/2023\\\/05\\\/rt-25.jpg\\\" alt=\\\"\\\" width=\\\"501\\\" height=\\\"301\\\" \\\/><\\\/p><p style=\\\"text-align: center\\\">\\u00a0<\\\/p>\"}}]}<\/script>\n\t\t\t\t<\/div>\n\t\t\t\t<\/div>\n\t\t\t\t\t<\/div>\n\t\t<\/div>\n\t\t\t\t\t<\/div>\n\t\t<\/section>\n\t\t\t\t<\/div>\n\t\t","protected":false},"excerpt":{"rendered":"<p>ProYectO REMODELACI\u00d3N RESIDENCIA TANDA Proyecto inmobiliario de vanguardia que ofrece un conjunto residencial exclusivo con dise\u00f1o arquitect\u00f3nico innovador, espacios amplios y confortables. Cliente FAMILIA CHANGOLUISA PERALVO Servicio DISE\u00d1O &#8211; PLANIFICACI\u00d3N &#8211; CONTRUCCI\u00d3N Fecha Junio 2022 proceso \u00a0<\/p>\n","protected":false},"author":1,"featured_media":0,"parent":0,"menu_order":0,"comment_status":"closed","ping_status":"closed","template":"","meta":{"footnotes":""},"class_list":["post-499","page","type-page","status-publish","hentry"],"_links":{"self":[{"href":"https:\/\/moreearquitectos.com\/index.php\/wp-json\/wp\/v2\/pages\/499","targetHints":{"allow":["GET"]}}],"collection":[{"href":"https:\/\/moreearquitectos.com\/index.php\/wp-json\/wp\/v2\/pages"}],"about":[{"href":"https:\/\/moreearquitectos.com\/index.php\/wp-json\/wp\/v2\/types\/page"}],"author":[{"embeddable":true,"href":"https:\/\/moreearquitectos.com\/index.php\/wp-json\/wp\/v2\/users\/1"}],"replies":[{"embeddable":true,"href":"https:\/\/moreearquitectos.com\/index.php\/wp-json\/wp\/v2\/comments?post=499"}],"version-history":[{"count":4,"href":"https:\/\/moreearquitectos.com\/index.php\/wp-json\/wp\/v2\/pages\/499\/revisions"}],"predecessor-version":[{"id":521,"href":"https:\/\/moreearquitectos.com\/index.php\/wp-json\/wp\/v2\/pages\/499\/revisions\/521"}],"wp:attachment":[{"href":"https:\/\/moreearquitectos.com\/index.php\/wp-json\/wp\/v2\/media?parent=499"}],"curies":[{"name":"wp","href":"https:\/\/api.w.org\/{rel}","templated":true}]}}