{"id":127,"date":"2023-05-21T03:13:06","date_gmt":"2023-05-21T03:13:06","guid":{"rendered":"https:\/\/moreearquitectos.com\/?page_id=127"},"modified":"2023-05-28T23:50:29","modified_gmt":"2023-05-28T23:50:29","slug":"servicios-2","status":"publish","type":"page","link":"https:\/\/moreearquitectos.com\/index.php\/servicios-2\/","title":{"rendered":"SERVICIOS"},"content":{"rendered":"\t\t<div data-elementor-type=\"wp-page\" data-elementor-id=\"127\" class=\"elementor elementor-127\">\n\t\t\t\t\t\t<section class=\"elementor-section elementor-top-section elementor-element elementor-element-ee32d05 elementor-section-full_width elementor-section-height-default elementor-section-height-default\" data-id=\"ee32d05\" data-element_type=\"section\" data-e-type=\"section\">\n\t\t\t\t\t\t<div class=\"elementor-container elementor-column-gap-default\">\n\t\t\t\t\t<div class=\"elementor-column elementor-col-100 elementor-top-column elementor-element elementor-element-5cc3fae6\" data-id=\"5cc3fae6\" data-element_type=\"column\" data-e-type=\"column\">\n\t\t\t<div class=\"elementor-widget-wrap elementor-element-populated\">\n\t\t\t\t\t\t<div class=\"elementor-element elementor-element-66db610a de_scroll_animation_no elementor-invisible elementor-widget elementor-widget-qi_addons_for_elementor_interactive_link_showcase\" data-id=\"66db610a\" data-element_type=\"widget\" data-e-type=\"widget\" data-settings=\"{&quot;_animation&quot;:&quot;fadeIn&quot;}\" data-widget_type=\"qi_addons_for_elementor_interactive_link_showcase.default\">\n\t\t\t\t<div class=\"elementor-widget-container\">\n\t\t\t\t\t<div class=\"qodef-shortcode qodef-m qodef-qi-interactive-link-showcase qodef-layout--background qodef--full-height qodef-hover--underline\">\n\t<div class=\"qodef-m-items\">\n\t\t<a itemprop=\"url\" class=\"qodef-m-item qodef-e\" href=\"\" target=\"_self\">\n\t<span class=\"qodef-e-title\"><span class=\"qodef-e-inner-title\">remodelaci\u00f3n<\/span><\/span>\n\t<\/a>\n<a itemprop=\"url\" class=\"qodef-m-item qodef-e\" href=\"\" target=\"_self\">\n\t<span class=\"qodef-e-title\"><span class=\"qodef-e-inner-title\">dise\u00f1o y construcci\u00f3n<\/span><\/span>\n\t<\/a>\n<a itemprop=\"url\" class=\"qodef-m-item qodef-e\" href=\"\" target=\"_self\">\n\t<span class=\"qodef-e-title\"><span class=\"qodef-e-inner-title\">fiscalizaci\u00f3n de obras<\/span><\/span>\n\t<\/a>\n<a itemprop=\"url\" class=\"qodef-m-item qodef-e\" href=\"\" target=\"_self\">\n\t<span class=\"qodef-e-title\"><span class=\"qodef-e-inner-title\">GERENCIA DE PROYECTOS<\/span><\/span>\n\t<\/a>\n\t<\/div>\n\t<div class=\"qodef-m-images\">\n\t\t<div class=\"qodef-e-image qodef-background\" style=\"background-image: url(https:\/\/moreearquitectos.com\/wp-content\/uploads\/2023\/05\/servicios-1-39.jpg)\">\n\t<img fetchpriority=\"high\" decoding=\"async\" width=\"1921\" height=\"1281\" src=\"https:\/\/moreearquitectos.com\/wp-content\/uploads\/2023\/05\/servicios-1-39.jpg\" class=\"attachment-full size-full\" alt=\"\" srcset=\"https:\/\/moreearquitectos.com\/wp-content\/uploads\/2023\/05\/servicios-1-39.jpg 1921w, https:\/\/moreearquitectos.com\/wp-content\/uploads\/2023\/05\/servicios-1-39-300x200.jpg 300w, https:\/\/moreearquitectos.com\/wp-content\/uploads\/2023\/05\/servicios-1-39-1024x683.jpg 1024w, https:\/\/moreearquitectos.com\/wp-content\/uploads\/2023\/05\/servicios-1-39-768x512.jpg 768w, https:\/\/moreearquitectos.com\/wp-content\/uploads\/2023\/05\/servicios-1-39-1536x1024.jpg 1536w\" sizes=\"(max-width: 1921px) 100vw, 1921px\" \/><\/div>\n<div class=\"qodef-e-image qodef-background\" style=\"background-image: url(https:\/\/moreearquitectos.com\/wp-content\/uploads\/2023\/05\/servicios-construccion-54-1.jpg)\">\n\t<img decoding=\"async\" width=\"1921\" height=\"1281\" src=\"https:\/\/moreearquitectos.com\/wp-content\/uploads\/2023\/05\/servicios-construccion-54-1.jpg\" class=\"attachment-full size-full\" alt=\"\" srcset=\"https:\/\/moreearquitectos.com\/wp-content\/uploads\/2023\/05\/servicios-construccion-54-1.jpg 1921w, https:\/\/moreearquitectos.com\/wp-content\/uploads\/2023\/05\/servicios-construccion-54-1-300x200.jpg 300w, https:\/\/moreearquitectos.com\/wp-content\/uploads\/2023\/05\/servicios-construccion-54-1-1024x683.jpg 1024w, https:\/\/moreearquitectos.com\/wp-content\/uploads\/2023\/05\/servicios-construccion-54-1-768x512.jpg 768w, https:\/\/moreearquitectos.com\/wp-content\/uploads\/2023\/05\/servicios-construccion-54-1-1536x1024.jpg 1536w\" sizes=\"(max-width: 1921px) 100vw, 1921px\" \/><\/div>\n<div class=\"qodef-e-image qodef-background\" style=\"background-image: url(https:\/\/moreearquitectos.com\/wp-content\/uploads\/2023\/05\/servicios-4-39-1.jpg)\">\n\t<img decoding=\"async\" width=\"1921\" height=\"1281\" src=\"https:\/\/moreearquitectos.com\/wp-content\/uploads\/2023\/05\/servicios-4-39-1.jpg\" class=\"attachment-full size-full\" alt=\"\" srcset=\"https:\/\/moreearquitectos.com\/wp-content\/uploads\/2023\/05\/servicios-4-39-1.jpg 1921w, https:\/\/moreearquitectos.com\/wp-content\/uploads\/2023\/05\/servicios-4-39-1-300x200.jpg 300w, https:\/\/moreearquitectos.com\/wp-content\/uploads\/2023\/05\/servicios-4-39-1-1024x683.jpg 1024w, https:\/\/moreearquitectos.com\/wp-content\/uploads\/2023\/05\/servicios-4-39-1-768x512.jpg 768w, https:\/\/moreearquitectos.com\/wp-content\/uploads\/2023\/05\/servicios-4-39-1-1536x1024.jpg 1536w\" sizes=\"(max-width: 1921px) 100vw, 1921px\" \/><\/div>\n<div class=\"qodef-e-image qodef-background\" style=\"background-image: url(https:\/\/moreearquitectos.com\/wp-content\/uploads\/2023\/05\/servicios-3-39-1.jpg)\">\n\t<img loading=\"lazy\" decoding=\"async\" width=\"1921\" height=\"1281\" src=\"https:\/\/moreearquitectos.com\/wp-content\/uploads\/2023\/05\/servicios-3-39-1.jpg\" class=\"attachment-full size-full\" alt=\"\" srcset=\"https:\/\/moreearquitectos.com\/wp-content\/uploads\/2023\/05\/servicios-3-39-1.jpg 1921w, https:\/\/moreearquitectos.com\/wp-content\/uploads\/2023\/05\/servicios-3-39-1-300x200.jpg 300w, https:\/\/moreearquitectos.com\/wp-content\/uploads\/2023\/05\/servicios-3-39-1-1024x683.jpg 1024w, https:\/\/moreearquitectos.com\/wp-content\/uploads\/2023\/05\/servicios-3-39-1-768x512.jpg 768w, https:\/\/moreearquitectos.com\/wp-content\/uploads\/2023\/05\/servicios-3-39-1-1536x1024.jpg 1536w\" sizes=\"(max-width: 1921px) 100vw, 1921px\" \/><\/div>\n\t<\/div>\n<\/div>\n\t\t\t\t<\/div>\n\t\t\t\t<\/div>\n\t\t\t\t\t<\/div>\n\t\t<\/div>\n\t\t\t\t\t<\/div>\n\t\t<\/section>\n\t\t\t\t<\/div>\n\t\t","protected":false},"excerpt":{"rendered":"<p>remodelaci\u00f3n dise\u00f1o y construcci\u00f3n fiscalizaci\u00f3n de obras GERENCIA DE PROYECTOS<\/p>\n","protected":false},"author":1,"featured_media":0,"parent":0,"menu_order":0,"comment_status":"closed","ping_status":"closed","template":"","meta":{"footnotes":""},"class_list":["post-127","page","type-page","status-publish","hentry"],"_links":{"self":[{"href":"https:\/\/moreearquitectos.com\/index.php\/wp-json\/wp\/v2\/pages\/127","targetHints":{"allow":["GET"]}}],"collection":[{"href":"https:\/\/moreearquitectos.com\/index.php\/wp-json\/wp\/v2\/pages"}],"about":[{"href":"https:\/\/moreearquitectos.com\/index.php\/wp-json\/wp\/v2\/types\/page"}],"author":[{"embeddable":true,"href":"https:\/\/moreearquitectos.com\/index.php\/wp-json\/wp\/v2\/users\/1"}],"replies":[{"embeddable":true,"href":"https:\/\/moreearquitectos.com\/index.php\/wp-json\/wp\/v2\/comments?post=127"}],"version-history":[{"count":31,"href":"https:\/\/moreearquitectos.com\/index.php\/wp-json\/wp\/v2\/pages\/127\/revisions"}],"predecessor-version":[{"id":588,"href":"https:\/\/moreearquitectos.com\/index.php\/wp-json\/wp\/v2\/pages\/127\/revisions\/588"}],"wp:attachment":[{"href":"https:\/\/moreearquitectos.com\/index.php\/wp-json\/wp\/v2\/media?parent=127"}],"curies":[{"name":"wp","href":"https:\/\/api.w.org\/{rel}","templated":true}]}}